{"id":13536,"date":"2022-04-18T20:18:15","date_gmt":"2022-04-18T20:18:15","guid":{"rendered":"http:\/\/asmnt.org\/?page_id=13536"},"modified":"2022-05-16T22:46:20","modified_gmt":"2022-05-16T22:46:20","slug":"mnt","status":"publish","type":"page","link":"https:\/\/asmnt.org\/index.php\/mnt\/","title":{"rendered":"MNT"},"content":{"rendered":"[vc_section full_width=\u00a0\u00bbstretch_row\u00a0\u00bb pix_bg_grdient=\u00a0\u00bbbg-gradient-primary\u00a0\u00bb fade_in_opacity=\u00a0\u00bbpix-opacity-4&Prime; pix_over_visibility=\u00a0\u00bb\u00a0\u00bb bottom_divider_select=\u00a0\u00bb19&Prime; b_has_animation=\u00a0\u00bbtrue\u00a0\u00bb b_2_animation=\u00a0\u00bbfade-in-up\u00a0\u00bb b_3_animation=\u00a0\u00bbfade-in-up\u00a0\u00bb css=\u00a0\u00bb.vc_custom_1650541146787{margin-top: 0px !important;margin-bottom: 0px !important;padding-top: 40px !important;padding-bottom: 40px !important;background-color: #ffffff !important;}\u00a0\u00bb fade_in_intro=\u00a0\u00bbhttps:\/\/essentials.pixfort.com\/original\/wp-content\/uploads\/sites\/4\/2020\/05\/features-bg-image.jpg\u00a0\u00bb b_custom_height=\u00a0\u00bb200&Prime;][vc_row content_placement=\u00a0\u00bbmiddle\u00a0\u00bb pix_particles_check=\u00a0\u00bb\u00a0\u00bb css=\u00a0\u00bb.vc_custom_1650316836131{padding-top: 100px !important;padding-bottom: 100px !important;}\u00a0\u00bb][vc_column content_align=\u00a0\u00bbtext-center\u00a0\u00bb css=\u00a0\u00bb.vc_custom_1650316740084{padding-bottom: 100px !important;}\u00a0\u00bb]<div id=\"el1650316272455-16b97245-bbd5\" class=\"mb-3 text-center  vc_custom_1650316701140\"><h2 class=\"mb-32 pix-sliding-headline font-weight-bold secondary-font\" data-class=\"secondary-font text-white\" data-style=\"\">Les MNT au S\u00e9n\u00e9gal<\/h2><\/div>[\/vc_column][\/vc_row][\/vc_section][vc_section pix_over_visibility=\u00a0\u00bb\u00a0\u00bb pix_overlay_color=\u00a0\u00bbcustom\u00a0\u00bb pix_overlay_custom_color=\u00a0\u00bb#f8f9fa\u00a0\u00bb pix_visibility=\u00a0\u00bb1&Prime; css=\u00a0\u00bb.vc_custom_1650543694237{padding-top: 30px !important;padding-bottom: 30px !important;background-color: #ffffff !important;}\u00a0\u00bb el_id=\u00a0\u00bbmnt-section-2&Prime;][vc_row full_width=\u00a0\u00bbstretch_row_content_no_spaces\u00a0\u00bb pix_particles_check=\u00a0\u00bb\u00a0\u00bb][vc_column css=\u00a0\u00bb.vc_custom_1588804849684{padding-top: 20px !important;padding-bottom: 20px !important;}\u00a0\u00bb offset=\u00a0\u00bbvc_col-md-offset-2 vc_col-md-8&Prime;]<div class=\"card  overflow-hidden row no-gutters flex-column flex-md-row flex-md-row-reverse   vc_custom_1652554575179 shadow-lg  animate-in \" data-anim-delay=\"0\" data-anim-type=\"fade-in-up\"><div class=\"flex-column d-inline-flex position-relative col-md-6\"><img decoding=\"async\" class=\"pix-lazy card-img pix-fit-cover rounded-0 flex-grow-1 h-100\" src=\"https:\/\/asmnt.org\/wp-content\/plugins\/pixfort-core\/functions\/images\/loading.webp\" data-srcset=\"https:\/\/asmnt.org\/wp-content\/uploads\/2022\/05\/MNT_Block01-300x188.jpg 300w, https:\/\/asmnt.org\/wp-content\/uploads\/2022\/05\/MNT_Block01-1024x642.jpg 1024w, https:\/\/asmnt.org\/wp-content\/uploads\/2022\/05\/MNT_Block01-768x481.jpg 768w, https:\/\/asmnt.org\/wp-content\/uploads\/2022\/05\/MNT_Block01.jpg 1149w\" data-src=\"https:\/\/asmnt.org\/wp-content\/uploads\/2022\/05\/MNT_Block01.jpg\" loading=\"lazy\" alt=\"\" \/><\/div><div class=\"card-body d-flex2 align-content-between flex-wrap col-md-6 p-lg-5 p-md-5 p-4 \"><div id=\"el1650317126936-2ba032e2-42b0\" class=\"mb-3 text-left  vc_custom_1652554322982\"><h5 class=\"mb-32 pix-sliding-headline font-weight-bold secondary-font\" data-class=\"secondary-font text-heading-default\" data-style=\"\">Les MNT<\/h5><\/div><div class=\"pix-el-text w-100   vc_custom_1652554358226\" ><p class=\"  text-body-default  \" ><span class=\"animate-in d-inline-block\" data-anim-delay=\"200\" data-anim-type=\"fade-in-up\">Les maladies non transmissibles (MNT) &#8211; essentiellement le Cancer, les Maladies Cardiovasculaires (MCV), les Maladies Respiratoires Chroniques (MRC et le Diab\u00e8te &#8211; constituent la 1\u00e8re cause de d\u00e9c\u00e8s et d&rsquo;incapacit\u00e9 dans le monde.\r\nLes MNT (maladies non transmissibles) pourraient \u00eatre en grande partie \u00e9vit\u00e9es si des mesures \u00e9taient prises pour s&rsquo;attaquer \u00e0 leurs facteurs de risque communs, en particulier en pla\u00e7ant les populations les plus pauvres et les plus vuln\u00e9rables au c\u0153ur de ces mesures.\r\nL\u2019alliance S\u00e9n\u00e9galaise de lutte contre les MNT (ASMNT) s\u2019engage en ce sens \u00e0 mettre en \u0153uvre les moyens et strat\u00e9gies ad\u00e9quates pour la pr\u00e9vention et la r\u00e9duction des facteurs de risque des MNT au S\u00e9n\u00e9gal.<\/span><\/p><\/div><\/div><\/div>\n[\/vc_column][\/vc_row][\/vc_section][vc_row pix_particles_check=\u00a0\u00bb\u00a0\u00bb css=\u00a0\u00bb.vc_custom_1650542442641{margin-top: 60px !important;margin-bottom: 60px !important;}\u00a0\u00bb][vc_column]<div id=\"pix-el-1650542113730-140ee591-ad07\" class=\" \"><div class=\"pix_tabs_container pix-waiting\" data-icons-pos=\"\"><div class=\"nav  nav-pills pix_tabs_btns justify-content-center  pix-pills-1 mb-4 \" data-anim-type=\"\" role=\"tablist\" data-anim-delay=\"0\" id=\"v-pills-tab\"  aria-orientation=\"vertical\"><div class=\"nav-item\"><a class=\"nav-link pix-tabs-btn text-24 pix-px-25 py-1 py-md-2 my-2 font-weight-bold\" data-id=\"1650542113918-fbcaae35-bea3\" role=\"tab\" id=\"pix-tab-btn-1650542113918-fbcaae35-bea3\" data-toggle=\"pill\" href=\"#pix-tab-1650542113918-fbcaae35-bea3\"  aria-controls=\"pix-tab-1650542113918-fbcaae35-bea3\">LES MNT<\/a><\/div><div class=\"nav-item\"><a class=\"nav-link pix-tabs-btn text-24 pix-px-25 py-1 py-md-2 my-2 font-weight-bold\" data-id=\"1650542113976-21ab9766-4e0c\" role=\"tab\" id=\"pix-tab-btn-1650542113976-21ab9766-4e0c\" data-toggle=\"pill\" href=\"#pix-tab-1650542113976-21ab9766-4e0c\"  aria-controls=\"pix-tab-1650542113976-21ab9766-4e0c\">Cancer<\/a><\/div><div class=\"nav-item\"><a class=\"nav-link pix-tabs-btn text-24 pix-px-25 py-1 py-md-2 my-2 font-weight-bold\" data-id=\"1650542220198-7fb337f3-f575\" role=\"tab\" id=\"pix-tab-btn-1650542220198-7fb337f3-f575\" data-toggle=\"pill\" href=\"#pix-tab-1650542220198-7fb337f3-f575\"  aria-controls=\"pix-tab-1650542220198-7fb337f3-f575\">Diab\u00e8te<\/a><\/div><div class=\"nav-item\"><a class=\"nav-link pix-tabs-btn text-24 pix-px-25 py-1 py-md-2 my-2 font-weight-bold\" data-id=\"1650542274617-e8e8bb35-83e6\" role=\"tab\" id=\"pix-tab-btn-1650542274617-e8e8bb35-83e6\" data-toggle=\"pill\" href=\"#pix-tab-1650542274617-e8e8bb35-83e6\"  aria-controls=\"pix-tab-1650542274617-e8e8bb35-83e6\">MCV<\/a><\/div><div class=\"nav-item\"><a class=\"nav-link pix-tabs-btn text-24 pix-px-25 py-1 py-md-2 my-2 font-weight-bold\" data-id=\"1650542291397-df59f2c2-8391\" role=\"tab\" id=\"pix-tab-btn-1650542291397-df59f2c2-8391\" data-toggle=\"pill\" href=\"#pix-tab-1650542291397-df59f2c2-8391\"  aria-controls=\"pix-tab-1650542291397-df59f2c2-8391\">MRC<\/a><\/div><div class=\"nav-item\"><a class=\"nav-link pix-tabs-btn text-24 pix-px-25 py-1 py-md-2 my-2 font-weight-bold\" data-id=\"1652554611950-4dfc7e63-f87c\" role=\"tab\" id=\"pix-tab-btn-1652554611950-4dfc7e63-f87c\" data-toggle=\"pill\" href=\"#pix-tab-1652554611950-4dfc7e63-f87c\"  aria-controls=\"pix-tab-1652554611950-4dfc7e63-f87c\">Sant\u00e9 Mentale<\/a><\/div><\/div><div class=\"pix_tabs_content \" data-anim-type=\"\" data-anim-delay=\"0\"><div class=\"tab-content \"><div class=\"tab-pane  show  \" role=\"tabpanel\" data-toggle2=\"tab\" id=\"pix-tab-1650542113918-fbcaae35-bea3\" data-bold=\"font-weight-bold\" data-italic=\"\" data-secondary=\"\" data-id=\"1650542113918-fbcaae35-bea3\" data-icon=\"\" data-title=\"LES MNT\" aria-labelledby=\"pix-tab-1650542113918-fbcaae35-bea3\">[vc_column_text]Les MNT ne sont pas transmissibles d&rsquo;une personne \u00e0 l&rsquo;autre. Ces maladies chroniques n\u00e9cessitent des soins de longue dur\u00e9e ou \u00e0 vie, et recouvrent les cancers, les maladies cardiovasculaires, les accidents vasculaires c\u00e9r\u00e9braux, les maladies respiratoires chroniques, le diab\u00e8te, les troubles mentaux et neurologiques, les maladies r\u00e9nales chroniques, parmi beaucoup d&rsquo;autres.\r\n\r\nOn estime que 80 % des maladies non transmissibles peuvent \u00eatre \u00e9vit\u00e9es. Elles d\u00e9pendent de facteurs de risque modifiables, notamment le tabagisme, la mauvaise alimentation, la s\u00e9dentarit\u00e9, la consommation nocive d&rsquo;alcool et la pollution de l\u2019air.\r\n\r\nLes MNT sont un probl\u00e8me de d\u00e9veloppement durable. Elles ont un impact disproportionn\u00e9 sur les personnes vivant dans des pays \u00e0 revenu faible ou interm\u00e9diaire, et sont \u00e0 la fois une cause et une cons\u00e9quence de la pauvret\u00e9.[\/vc_column_text]<\/div><div class=\"tab-pane  show  \" role=\"tabpanel\" data-toggle2=\"tab\" id=\"pix-tab-1650542113976-21ab9766-4e0c\" data-bold=\"font-weight-bold\" data-italic=\"\" data-secondary=\"\" data-id=\"1650542113976-21ab9766-4e0c\" data-icon=\"\" data-title=\"Cancer\" aria-labelledby=\"pix-tab-1650542113976-21ab9766-4e0c\">[vc_column_text]<strong>Le cancer<\/strong> est l&rsquo;une des principales causes de d\u00e9c\u00e8s li\u00e9s \u00e0 des maladies chroniques dans le monde, faisant environ 10 millions de victimes chaque ann\u00e9e. Bien que la charge mondiale du cancer soit en augmentation, au moins un tiers des cancers sont \u00e9vitables, et de nombreux cas et d\u00e9c\u00e8s peuvent \u00eatre \u00e9vit\u00e9s gr\u00e2ce \u00e0 la pr\u00e9vention et au d\u00e9pistage pr\u00e9coce.\u00a0Les cancers sont caus\u00e9s par une multitude de facteurs. Toutefois, entre 30 et 50 % des cancers peuvent \u00eatre \u00e9vit\u00e9s gr\u00e2ce \u00e0 des strat\u00e9gies visant \u00e0 r\u00e9duire les facteurs de risque comportementaux et alimentaires.\r\n\r\nCr\u00e9er des environnements et des soci\u00e9t\u00e9s qui permettent aux gens d&rsquo;adopter plus facilement des comportements plus sains et de pr\u00e9venir les cancers est la chose la plus importante que nous puissions faire pour r\u00e9duire la charge mondiale des cancers. Il s&rsquo;agit notamment de r\u00e9duire les expositions aux facteurs de risque tels que le tabac, l&rsquo;ob\u00e9sit\u00e9, la s\u00e9dentarit\u00e9, les infections, l&rsquo;alcool, la pollution environnementale, les agents canc\u00e9rig\u00e8nes professionnels et les rayons UV. Le d\u00e9ploiement de programmes de vaccination des populations vuln\u00e9rables contre le VHB et le VPH est \u00e9galement essentiel.\r\n\r\nAu S\u00e9n\u00e9gal, la LISCA est l\u2019association qui accompagne les patients dans leur prise en charge. (Lien vers <a href=\"https:\/\/www.facebook.com\/lisca.sn\">https:\/\/www.facebook.com\/lisca.sn<\/a>)[\/vc_column_text]<\/div><div class=\"tab-pane  show  \" role=\"tabpanel\" data-toggle2=\"tab\" id=\"pix-tab-1650542220198-7fb337f3-f575\" data-bold=\"font-weight-bold\" data-italic=\"\" data-secondary=\"\" data-id=\"1650542220198-7fb337f3-f575\" data-icon=\"\" data-title=\"Diab\u00e8te\" aria-labelledby=\"pix-tab-1650542220198-7fb337f3-f575\">[vc_column_text css=\u00a0\u00bb.vc_custom_1652554725094{padding-top: 30px !important;padding-right: 30px !important;padding-bottom: 30px !important;padding-left: 30px !important;}\u00a0\u00bb]<strong>Le diab\u00e8te<\/strong> est l&rsquo;une des maladies les plus r\u00e9pandues dans le monde : 537 millions de personnes \u00e0 travers le monde vivent avec le diab\u00e8te et c\u2019est une cause majeure de d\u00e9c\u00e8s. Alors que les taux de diab\u00e8te augmentent d&rsquo;ann\u00e9e en ann\u00e9e, l&rsquo;acc\u00e8s aux traitements et aux soins constitue un d\u00e9fi majeur pour la sant\u00e9 mondiale. Environ 50 % des personnes vivant avec le diab\u00e8te ne sont pas en mesure d&rsquo;obtenir l\u2019approvisionnement r\u00e9gulier en insuline dont elles ont besoin pour survivre.\r\n\r\nLe diab\u00e8te est une maladie chronique qui survient lorsque le pancr\u00e9as n\u2019est plus capable de produire de l\u2019insuline, ou lorsque l\u2019organisme ne peut pas utiliser correctement l\u2019insuline qu\u2019il produit. L\u2019insuline est une hormone fabriqu\u00e9e par le pancr\u00e9as, qui agit comme une cl\u00e9 permettant au glucose provenant des aliments que nous ing\u00e9rons, de passer de la circulation sanguine aux cellules de l\u2019organisme pour produire de l\u2019\u00e9nergie.\r\n\r\nIl existe principalement trois types de diab\u00e8te :\r\n<ul>\r\n \t<li>Le diab\u00e8te de type 1 peut se d\u00e9velopper \u00e0 tout \u00e2ge, mais il survient le plus souvent chez les enfants et les adolescents. A l\u2019heure actuelle, il n\u2019y a pas de pr\u00e9vention pour le diab\u00e8te de type 1.<\/li>\r\n \t<li>Le diab\u00e8te de type 2 a tendance \u00e0 se d\u00e9velopper \u00e0 l\u2019\u00e2ge adulte et repr\u00e9sente environ 90% de tous les cas de diab\u00e8te. Le diab\u00e8te de type 2 peut souvent \u00eatre g\u00e9r\u00e9 ou pr\u00e9venu gr\u00e2ce \u00e0 un mode de vie sain impliquant davantage d\u2019activit\u00e9 physique et une alimentation saine.<\/li>\r\n \t<li>Le diab\u00e8te gestationnel (DG) est un type de diab\u00e8te qui provoque une hyperglyc\u00e9mie pendant la grossesse et qui est associ\u00e9 \u00e0 des complications pour la m\u00e8re et l\u2019enfant.<\/li>\r\n<\/ul>\r\n\u00c0 l\u2019heure actuelle, il n\u2019y a pas de pr\u00e9vention pour le diab\u00e8te de type 1. Si un certain nombre de facteurs p\u00e8sent sur l\u2019apparition du diab\u00e8te de type 2, il est \u00e9vident que les plus importants sont les comportements li\u00e9s au mode de vie et g\u00e9n\u00e9ralement associ\u00e9s \u00e0 l\u2019urbanisation. Il s\u2019agit notamment de la consommation d\u2019aliments mauvais pour la sant\u00e9 et de modes de vie inactifs avec un comportement s\u00e9dentaire.\r\n\r\nIl est essentiel d\u2019adopter une approche tout au long de la vie pour pr\u00e9venir le diab\u00e8te de type 2 et ses complications. Au d\u00e9but de la vie, lorsque les habitudes alimentaires et sportives sont \u00e9tablies, il existe une p\u00e9riode particuli\u00e8rement critique pour pr\u00e9venir le d\u00e9veloppement du surpoids et r\u00e9duire le risque de diab\u00e8te de type 2. Le risque de diab\u00e8te est \u00e9galement influenc\u00e9 par le niveau socio-\u00e9conomique : les groupes ayant des revenus plus faibles ont tendance \u00e0 pr\u00e9senter des taux de diab\u00e8te plus \u00e9lev\u00e9s.\u00a0 Cela est vrai au sein d\u2019un m\u00eame pays, mais \u00e9galement d\u2019un pays \u00e0 l\u2019autre.\r\n\r\nSelon l&rsquo;OMS, les r\u00e9gimes alimentaires sains sont riches en fibres, fruits, l\u00e9gumes, lentilles, haricots, noix et c\u00e9r\u00e9ales compl\u00e8tes. Ces r\u00e9gimes sont \u00e9quilibr\u00e9s, vari\u00e9s et permettent de r\u00e9pondre aux besoins en macronutriments (prot\u00e9ines, lipides, glucides et fibres) et en micronutriments (min\u00e9raux et vitamines) d&rsquo;une personne quelle que soit la p\u00e9riode de sa vie.\r\n\r\nEn g\u00e9n\u00e9ral, un r\u00e9gime alimentaire sain contient :\r\n<ul>\r\n \t<li>Un apport en graisses inf\u00e9rieur \u00e0 30% de l&rsquo;\u00e9nergie totale. Il doit s&rsquo;agir principalement de graisses insatur\u00e9es, avec peu de graisses satur\u00e9es. Les acides gras trans ne devraient pas \u00eatre consomm\u00e9s.<\/li>\r\n \t<li>Un apport en sucre inf\u00e9rieur \u00e0 10% de l&rsquo;\u00e9nergie totale, et de pr\u00e9f\u00e9rence inf\u00e9rieur \u00e0 5%.<\/li>\r\n \t<li>Une consommation de sel inf\u00e9rieure \u00e0 5 g par jour.<\/li>\r\n \t<li>Une consommation quotidienne d&rsquo;au moins 400 g de fruits et l\u00e9gumes<\/li>\r\n<\/ul>\r\n&nbsp;\r\n\r\nAu S\u00e9n\u00e9gal, l\u2019ASSAD est l\u2019association qui accompagne les patients dans leur prise en charge. (Lien vers le site de l\u2019ASSAD ou l\u2019adresse)[\/vc_column_text]<\/div><div class=\"tab-pane  show  \" role=\"tabpanel\" data-toggle2=\"tab\" id=\"pix-tab-1650542274617-e8e8bb35-83e6\" data-bold=\"font-weight-bold\" data-italic=\"\" data-secondary=\"\" data-id=\"1650542274617-e8e8bb35-83e6\" data-icon=\"\" data-title=\"MCV\" aria-labelledby=\"pix-tab-1650542274617-e8e8bb35-83e6\">[vc_column_text css=\u00a0\u00bb.vc_custom_1652554750351{padding-top: 30px !important;padding-right: 30px !important;padding-bottom: 30px !important;padding-left: 30px !important;}\u00a0\u00bb]<strong>Les maladies cardiovasculaires (MCV)<\/strong> &#8211; dont les crises cardiaques et les AVC &#8211; sont responsables de pr\u00e8s de 18 millions de d\u00e9c\u00e8s par an, dont un tiers environ survient avant l&rsquo;\u00e2ge de 70 ans.\r\n\r\nLa plupart des MCV peuvent \u00eatre pr\u00e9venues en traitant les facteurs de risque, c\u2019est-\u00e0-dire \u00e9viter le tabagisme et le tabagisme passif, am\u00e9liorer l\u2019alimentation et contr\u00f4ler le surpoids, pratiquer une activit\u00e9 physique r\u00e9guli\u00e8re mod\u00e9r\u00e9e \u00e0 intensive, faire baisser sa tension, pr\u00e9venir et ma\u00eetriser le diab\u00e8te et r\u00e9duire le taux de lipides dans le sang.\r\n\r\nLes d\u00e9penses li\u00e9es aux MCV varient d\u2019un pays \u00e0 l\u2019autre, mais la plupart y consacrent entre 8 et 22% de leur budget de sant\u00e9. Ces co\u00fbts pourraient \u00eatre consid\u00e9rablement r\u00e9duits gr\u00e2ce \u00e0 des politiques destin\u00e9es \u00e0 rendre les choix sains abordables, disponibles et durables.\r\n\r\nParmi les exemples d\u2019interventions \u00e0 l\u2019\u00e9chelle de la population et qui pr\u00e9sentent un bon rapport co\u00fbt\/efficacit\u00e9, figurent notamment\u00a0:\r\n<ul>\r\n \t<li>Des strat\u00e9gies compl\u00e8tes de lutte antitabac<\/li>\r\n \t<li>Des politiques de taxation des produits alimentaires riches en graisses, en sucre et en sel<\/li>\r\n \t<li>L\u2019am\u00e9nagement de voies pi\u00e9tonnes et de pistes cyclables pour augmenter l\u2019activit\u00e9 physique<\/li>\r\n \t<li>La fourniture de repas sains dans les \u00e9coles<\/li>\r\n<\/ul>\r\n<ul>\r\n \t<li>Dans des syst\u00e8mes de sant\u00e9 sous pression, la promotion de bonnes habitudes alimentaires, d\u2019une activit\u00e9 physique r\u00e9guli\u00e8re, de la r\u00e9duction de la consommation d\u2019alcool et de l\u2019arr\u00eat du tabac sont des mesures simples et rentables de r\u00e9duction de l\u2019incapacit\u00e9 et des d\u00e9c\u00e8s pr\u00e9matur\u00e9s dus aux MNT. Les strat\u00e9gies de pr\u00e9vention sont non seulement efficaces pour les personnes qui ne souffrent pas de MNT, mais \u00e9galement pour att\u00e9nuer et r\u00e9duire la charge des diff\u00e9rentes MNT et le risque de d\u00e9velopper des comorbidit\u00e9s associ\u00e9es \u00e0 une maladie existante.<\/li>\r\n \t<li>Une activit\u00e9 physique mod\u00e9r\u00e9e et r\u00e9guli\u00e8re r\u00e9duit le risque de plusieurs MNT et pr\u00e9serve la sant\u00e9.<\/li>\r\n \t<li>Pr\u00e8s de 2\/3 de la population mondiale n\u2019est pas suffisamment active physiquement. \u00c9tant donn\u00e9 qu\u2019il s\u2019agit de l\u2019un des principaux facteurs de risque de d\u00e9velopper des MNT, plusieurs secteurs doivent s\u2019attacher \u00e0 int\u00e9grer des strat\u00e9gies pour r\u00e9duire la s\u00e9dentarit\u00e9 dans les communaut\u00e9s et faire baisser la charge de morbidit\u00e9 des enfants et des adultes des pays d\u00e9velopp\u00e9s et en d\u00e9veloppement<\/li>\r\n \t<li>Plusieurs facteurs environnementaux li\u00e9s \u00e0 l\u2019urbanisation alt\u00e8rent les niveaux d\u2019activit\u00e9 physique, notamment la peur de la violence et de la d\u00e9linquance dans les espaces publics, la pollution de l\u2019air ext\u00e9rieur et le manque de parcs, trottoirs et installations sportives \/ de loisirs. Les politiques urbaines et environnementales pr\u00e9sentent donc un \u00e9norme potentiel d\u2019augmentation de l\u2019activit\u00e9 physique de la population. La coop\u00e9ration multisectorielle est n\u00e9cessaire pour mettre en \u0153uvre des politiques qui encouragent l\u2019activit\u00e9 physique, en assurant notamment que\u00a0:<\/li>\r\n \t<li>Marche, v\u00e9lo et autres formes de transport actif sont accessibles et s\u00fbrs pour tous\u00a0;<\/li>\r\n \t<li>Les politiques professionnelles et sur le lieu de travail encouragent l\u2019activit\u00e9 physique\u00a0;<\/li>\r\n \t<li>Les \u00e9coles disposent d\u2019espaces et d\u2019installations s\u00fbres pour que les \u00e9tudiants puissent y passer du temps libre actif\u00a0;<\/li>\r\n \t<li>Les installations sportives et de loisirs donnent \u00e0 chacun la possibilit\u00e9 de faire de l\u2019exercice physique.<\/li>\r\n \t<li>Les aliments, les r\u00e9gimes alimentaires et l\u2019\u00e9tat nutritionnel sont des facteurs importants de maladies non transmissibles.<\/li>\r\n \t<li>La mauvaise alimentation et la s\u00e9dentarit\u00e9 font partie des principales causes de MNT et contribuent largement \u00e0 la charge mondiale de malnutrition sous toutes ses formes. Les populations dans le monde sont de plus en plus expos\u00e9es \u00e0 des aliments et des r\u00e9gimes alimentaires qui augmentent les risques de MNT. Am\u00e9liorer l\u2019alimentation n\u00e9cessite des approches populationnelles, multisectorielles et culturellement pertinentes.<\/li>\r\n<\/ul>\r\n[\/vc_column_text]<\/div><div class=\"tab-pane  show  \" role=\"tabpanel\" data-toggle2=\"tab\" id=\"pix-tab-1650542291397-df59f2c2-8391\" data-bold=\"font-weight-bold\" data-italic=\"\" data-secondary=\"\" data-id=\"1650542291397-df59f2c2-8391\" data-icon=\"\" data-title=\"MRC\" aria-labelledby=\"pix-tab-1650542291397-df59f2c2-8391\">[vc_column_text css=\u00a0\u00bb.vc_custom_1652554770932{padding-top: 30px !important;padding-right: 30px !important;padding-bottom: 30px !important;padding-left: 30px !important;}\u00a0\u00bb]<strong>Les maladies respiratoires chroniques<\/strong>, dont l&rsquo;asthme, sont peu reconnues, mal diagnostiqu\u00e9es, sous-trait\u00e9es et insuffisamment pr\u00e9venues. Bien que la respiration soit essentielle \u00e0 la vie, la sant\u00e9 pulmonaire est moins bien reconnue en tant que facteur de sant\u00e9 critique que d&rsquo;autres indicateurs tels que le poids et la pression art\u00e9rielle[\/vc_column_text]<\/div><div class=\"tab-pane  show  \" role=\"tabpanel\" data-toggle2=\"tab\" id=\"pix-tab-1652554611950-4dfc7e63-f87c\" data-bold=\"font-weight-bold\" data-italic=\"\" data-secondary=\"\" data-id=\"1652554611950-4dfc7e63-f87c\" data-icon=\"\" data-title=\"Sant\u00e9 Mentale\" aria-labelledby=\"pix-tab-1652554611950-4dfc7e63-f87c\">[vc_column_text css=\u00a0\u00bb.vc_custom_1652554790325{padding-top: 30px !important;padding-right: 30px !important;padding-bottom: 30px !important;padding-left: 30px !important;}\u00a0\u00bb]<strong>La sant\u00e9 mentale<\/strong> est un \u00e9tat de bien-\u00eatre qui permet aux personnes et aux soci\u00e9t\u00e9s de fonctionner au mieux. La capacit\u00e9 d&rsquo;une personne \u00e0 conserver une bonne sant\u00e9 mentale d\u00e9pend d&rsquo;une s\u00e9rie de facteurs tels que des facteurs sociaux, environnementaux, psychologiques et biologiques[\/vc_column_text]<\/div><\/div><\/div><\/div><\/div>[\/vc_column][\/vc_row][vc_row t_flip_h=\u00a0\u00bbtrue\u00a0\u00bb pix_particles_check=\u00a0\u00bb\u00a0\u00bb pix_overlay_color=\u00a0\u00bbcustom\u00a0\u00bb pix_overlay_custom_color=\u00a0\u00bb\u00a0\u00bb t_custom_height=\u00a0\u00bb0&Prime; css=\u00a0\u00bb.vc_custom_1650543432229{margin-bottom: 40px !important;}\u00a0\u00bb][vc_column][vc_single_image image=\u00a0\u00bb13588&Prime; img_size=\u00a0\u00bbfull\u00a0\u00bb alignment=\u00a0\u00bbcenter\u00a0\u00bb][\/vc_column][vc_column]<span  class=\"btn mb-2     btn-underline-primary d-inline-block pix-hover-item       btn-md\"     ><span class=\"font-weight-bold \" >La charge financi\u00e8re<\/span> <i class=\"font-weight-bold pixicon-arrow-right2  pix-hover-right  ml-1\"><\/i><\/span><span  class=\"btn mb-2     btn-underline-primary d-inline-block pix-hover-item       btn-md\"     ><span class=\"font-weight-bold \" >Facteurs de risque &amp; Pr\u00e9vention<\/span> <i class=\"font-weight-bold pixicon-arrow-right2  pix-hover-right  ml-1\"><\/i><\/span><span  class=\"btn mb-2     btn-underline-primary d-inline-block pix-hover-item       btn-md\"     ><span class=\"font-weight-bold \" >Vivre avec les MNT<\/span> <i class=\"font-weight-bold pixicon-arrow-right2  pix-hover-right  ml-1\"><\/i><\/span>[\/vc_column][\/vc_row]","protected":false},"excerpt":{"rendered":"[vc_section full_width=\u00a0\u00bbstretch_row\u00a0\u00bb pix_bg_grdient=\u00a0\u00bbbg-gradient-primary\u00a0\u00bb fade_in_opacity=\u00a0\u00bbpix-opacity-4&Prime; pix_over_visibility=\u00a0\u00bb\u00a0\u00bb bottom_divider_select=\u00a0\u00bb19&Prime; b_has_animation=\u00a0\u00bbtrue\u00a0\u00bb b_2_animation=\u00a0\u00bbfade-in-up\u00a0\u00bb b_3_animation=\u00a0\u00bbfade-in-up\u00a0\u00bb css=\u00a0\u00bb.vc_custom_1650541146787{margin-top: 0px !important;margin-bottom: 0px !important;padding-top: 40px !important;padding-bottom: 40px !important;background-color: #ffffff !important;}\u00a0\u00bb fade_in_intro=\u00a0\u00bbhttps:\/\/essentials.pixfort.com\/original\/wp-content\/uploads\/sites\/4\/2020\/05\/features-bg-image.jpg\u00a0\u00bb b_custom_height=\u00a0\u00bb200&Prime;][vc_row content_placement=\u00a0\u00bbmiddle\u00a0\u00bb pix_particles_check=\u00a0\u00bb\u00a0\u00bb css=\u00a0\u00bb.vc_custom_1650316836131{padding-top: 100px !important;padding-bottom: 100px !important;}\u00a0\u00bb][vc_column content_align=\u00a0\u00bbtext-center\u00a0\u00bb css=\u00a0\u00bb.vc_custom_1650316740084{padding-bottom: 100px !important;}\u00a0\u00bb][\/vc_column][\/vc_row][\/vc_section][vc_section pix_over_visibility=\u00a0\u00bb\u00a0\u00bb pix_overlay_color=\u00a0\u00bbcustom\u00a0\u00bb pix_overlay_custom_color=\u00a0\u00bb#f8f9fa\u00a0\u00bb pix_visibility=\u00a0\u00bb1&Prime; css=\u00a0\u00bb.vc_custom_1650543694237{padding-top: 30px !important;padding-bottom:&#8230;","protected":false},"author":1,"featured_media":0,"parent":0,"menu_order":0,"comment_status":"closed","ping_status":"closed","template":"","meta":{"footnotes":""},"class_list":["post-13536","page","type-page","status-publish","hentry"],"_links":{"self":[{"href":"https:\/\/asmnt.org\/index.php\/wp-json\/wp\/v2\/pages\/13536","targetHints":{"allow":["GET"]}}],"collection":[{"href":"https:\/\/asmnt.org\/index.php\/wp-json\/wp\/v2\/pages"}],"about":[{"href":"https:\/\/asmnt.org\/index.php\/wp-json\/wp\/v2\/types\/page"}],"author":[{"embeddable":true,"href":"https:\/\/asmnt.org\/index.php\/wp-json\/wp\/v2\/users\/1"}],"replies":[{"embeddable":true,"href":"https:\/\/asmnt.org\/index.php\/wp-json\/wp\/v2\/comments?post=13536"}],"version-history":[{"count":45,"href":"https:\/\/asmnt.org\/index.php\/wp-json\/wp\/v2\/pages\/13536\/revisions"}],"predecessor-version":[{"id":13613,"href":"https:\/\/asmnt.org\/index.php\/wp-json\/wp\/v2\/pages\/13536\/revisions\/13613"}],"wp:attachment":[{"href":"https:\/\/asmnt.org\/index.php\/wp-json\/wp\/v2\/media?parent=13536"}],"curies":[{"name":"wp","href":"https:\/\/api.w.org\/{rel}","templated":true}]}}