{"id":13591,"date":"2022-05-14T19:05:13","date_gmt":"2022-05-14T19:05:13","guid":{"rendered":"http:\/\/asmnt.org\/?page_id=13591"},"modified":"2022-06-21T09:19:14","modified_gmt":"2022-06-21T09:19:14","slug":"lalliance-sur-les-mnt","status":"publish","type":"page","link":"https:\/\/asmnt.org\/index.php\/lalliance-sur-les-mnt\/","title":{"rendered":"L\u2019ALLIANCE SUR LES MNT"},"content":{"rendered":"<p>[vc_section pix_over_visibility=\u00a0\u00bb\u00a0\u00bb pix_overlay_color=\u00a0\u00bbcustom\u00a0\u00bb pix_overlay_custom_color=\u00a0\u00bb#f8f9fa\u00a0\u00bb pix_visibility=\u00a0\u00bb1&Prime; css=\u00a0\u00bb.vc_custom_1650543694237{padding-top: 30px !important;padding-bottom: 30px !important;background-color: #ffffff !important;}\u00a0\u00bb el_id=\u00a0\u00bbmnt-section-2&Prime;][vc_row full_width=\u00a0\u00bbstretch_row_content_no_spaces\u00a0\u00bb pix_particles_check=\u00a0\u00bb\u00a0\u00bb][vc_column css=\u00a0\u00bb.vc_custom_1588804849684{padding-top: 20px !important;padding-bottom: 20px !important;}\u00a0\u00bb offset=\u00a0\u00bbvc_col-md-offset-2 vc_col-md-8&Prime;]<div class=\"card  overflow-hidden row no-gutters flex-column flex-md-row flex-md-row-reverse   vc_custom_1655803147705 shadow-lg  animate-in \" data-anim-delay=\"0\" data-anim-type=\"fade-in-up\"><div class=\"flex-column d-inline-flex position-relative col-md-6\"><img decoding=\"async\" class=\"pix-lazy card-img pix-fit-cover rounded-0 flex-grow-1 h-100\" src=\"https:\/\/asmnt.org\/wp-content\/plugins\/pixfort-core\/functions\/images\/loading.webp\" data-srcset=\"https:\/\/asmnt.org\/wp-content\/uploads\/2022\/06\/ALLIANCE_Block01-300x188.jpg 300w, https:\/\/asmnt.org\/wp-content\/uploads\/2022\/06\/ALLIANCE_Block01-1024x642.jpg 1024w, https:\/\/asmnt.org\/wp-content\/uploads\/2022\/06\/ALLIANCE_Block01-768x481.jpg 768w, https:\/\/asmnt.org\/wp-content\/uploads\/2022\/06\/ALLIANCE_Block01.jpg 1149w\" data-src=\"https:\/\/asmnt.org\/wp-content\/uploads\/2022\/06\/ALLIANCE_Block01.jpg\" loading=\"lazy\" alt=\"\" \/><\/div><div class=\"card-body d-flex2 align-content-between flex-wrap col-md-6 p-lg-5 p-md-5 p-4 \"><div id=\"el1650317126936-2ba032e2-42b0\" class=\"mb-3 text-left  vc_custom_1652555582883\"><h5 class=\"mb-32 pix-sliding-headline font-weight-bold secondary-font\" data-class=\"secondary-font text-heading-default\" data-style=\"\">Qui sommes-nous<\/h5><\/div><div class=\"pix-el-text w-100   vc_custom_1652741556619\" ><p class=\"  text-body-default  \" ><span class=\"animate-in d-inline-block\" data-anim-delay=\"200\" data-anim-type=\"fade-in-up\"><\/p>\n<div>Une organisation de premier plan qui contribue \u00e0 r\u00e9duire les MNT par la promotion de la sant\u00e9, la pr\u00e9vention des facteurs de risque, le renforcement des syst\u00e8mes et l&rsquo;am\u00e9lioration de la vie des personnes vivant avec des MNT.<\/div>\n<div>L&rsquo;objectif de l&rsquo;Alliance S\u00e9n\u00e9galaise de lutte contre les MNT (ASMNT) est de cr\u00e9er un S\u00e9n\u00e9gal sain et exempt de MNT, en soutenant l&rsquo;\u00e9laboration de politiques, en sensibilisant et en renfor\u00e7ant les capacit\u00e9s de la soci\u00e9t\u00e9 civile et des personnes vivant avec des MNT.<\/div>\n<div>Nous encourageons et renfor\u00e7ons les partenariats entre les organisations membres et les institutions gouvernementales.<\/div>\n<p><\/span><\/p><\/div><\/div><\/div>\n[\/vc_column][\/vc_row][\/vc_section][vc_row full_width=\u00a0\u00bbstretch_row\u00a0\u00bb equal_height=\u00a0\u00bbyes\u00a0\u00bb pix_particles_check=\u00a0\u00bb\u00a0\u00bb pix_visibility=\u00a0\u00bb1&Prime; css=\u00a0\u00bb.vc_custom_1593104571502{padding-top: 80px !important;padding-bottom: 80px !important;}\u00a0\u00bb][vc_column width=\u00a0\u00bb1\/2&Prime;]<div class=\"pix-photo-stack pix-img-n  vc_custom_1652743098512\"><div class=\"img-el\" ><div class=\"w-100 pix-bounce-sm pix-duration-slow\"><div class=\"animate-in d-inline-block w-100\" data-anim-type=\"fade-in-up\" data-anim-delay=\"0\"><div class=\"tilt\"><img loading=\"lazy\" decoding=\"async\" width=\"996\" height=\"1200\" class=\"pix-lazy rounded-lg shadow-lg shadow-hover-lg fly-sm d-inline-block\" loading=\"lazy\" data-srcset=\"https:\/\/asmnt.org\/wp-content\/uploads\/2022\/05\/ALLIANCE_Block02_996x1200-249x300.jpg 249w, https:\/\/asmnt.org\/wp-content\/uploads\/2022\/05\/ALLIANCE_Block02_996x1200-850x1024.jpg 850w, https:\/\/asmnt.org\/wp-content\/uploads\/2022\/05\/ALLIANCE_Block02_996x1200-768x925.jpg 768w, https:\/\/asmnt.org\/wp-content\/uploads\/2022\/05\/ALLIANCE_Block02_996x1200.jpg 996w\" src=\"https:\/\/asmnt.org\/wp-content\/plugins\/pixfort-core\/functions\/images\/loading.webp\" data-src=\"https:\/\/asmnt.org\/wp-content\/uploads\/2022\/05\/ALLIANCE_Block02_996x1200.jpg\" alt=\"\" \/><\/div><\/div><\/div><\/div><div class=\"img-el\" ><div class=\"w-100 pix-bounce-sm pix-duration-slow\"><div class=\"animate-in d-inline-block w-100\" data-anim-type=\"fade-in-up\" data-anim-delay=\"100\"><div class=\"tilt\"><img loading=\"lazy\" decoding=\"async\" width=\"400\" height=\"400\" class=\"pix-lazy rounded-lg shadow-lg shadow-hover-lg fly-sm d-inline-block\" loading=\"lazy\" data-srcset=\"https:\/\/asmnt.org\/wp-content\/uploads\/2022\/05\/ALLIANCE_Block02_400x400a-300x300.jpg 300w, https:\/\/asmnt.org\/wp-content\/uploads\/2022\/05\/ALLIANCE_Block02_400x400a-150x150.jpg 150w, https:\/\/asmnt.org\/wp-content\/uploads\/2022\/05\/ALLIANCE_Block02_400x400a.jpg 400w, https:\/\/asmnt.org\/wp-content\/uploads\/2022\/05\/ALLIANCE_Block02_400x400a-75x75.jpg 75w\" src=\"https:\/\/asmnt.org\/wp-content\/plugins\/pixfort-core\/functions\/images\/loading.webp\" data-src=\"https:\/\/asmnt.org\/wp-content\/uploads\/2022\/05\/ALLIANCE_Block02_400x400a.jpg\" alt=\"\" \/><\/div><\/div><\/div><\/div><div class=\"img-el\" ><div class=\"w-100 pix-bounce-sm pix-duration-slow\"><div class=\"animate-in d-inline-block w-100\" data-anim-type=\"fade-in-up\" data-anim-delay=\"200\"><div class=\"tilt\"><img loading=\"lazy\" decoding=\"async\" width=\"400\" height=\"400\" class=\"pix-lazy rounded-lg shadow-lg shadow-hover-lg fly-sm d-inline-block\" loading=\"lazy\" data-srcset=\"https:\/\/asmnt.org\/wp-content\/uploads\/2022\/05\/ALLIANCE_Block02_400x400b-300x300.jpg 300w, https:\/\/asmnt.org\/wp-content\/uploads\/2022\/05\/ALLIANCE_Block02_400x400b-150x150.jpg 150w, https:\/\/asmnt.org\/wp-content\/uploads\/2022\/05\/ALLIANCE_Block02_400x400b.jpg 400w, https:\/\/asmnt.org\/wp-content\/uploads\/2022\/05\/ALLIANCE_Block02_400x400b-75x75.jpg 75w\" src=\"https:\/\/asmnt.org\/wp-content\/plugins\/pixfort-core\/functions\/images\/loading.webp\" data-src=\"https:\/\/asmnt.org\/wp-content\/uploads\/2022\/05\/ALLIANCE_Block02_400x400b.jpg\" alt=\"\" \/><\/div><\/div><\/div><\/div><\/div>[\/vc_column][vc_column width=\u00a0\u00bb1\/2&Prime;]<div class=\"pix-content-box card   sticky-top pix-sticky-top-adjust   vc_custom_1588791497974    rounded-lg bg- w-100  \"   ><div class=\"\" style=\"z-index:30;position:relative;\"><div  class=\"pix-heading-el text-left \"><div><div class=\"slide-in-container\"><h4 class=\"text-heading-default font-weight-bold animate-in heading-text el-title_custom_color mb-12\" style=\"\" data-anim-type=\"slide-in-up\" data-anim-delay=\"0\">\u00c0 propos de l'ALLIANCE S\u00e9n\u00e9galaise de lutte contre les MNT (ASMNT)<\/h4><\/div><\/div><\/div><div class=\"pix-el-text w-100   vc_custom_1652741632866\" ><p class=\"text-20  text-body-default  \" ><span class=\"animate-in d-inline-block\" data-anim-delay=\"200\" data-anim-type=\"fade-in-up\"><\/p>\n<div>L\u2019Alliance S\u00e9n\u00e9galaise de lutte contre les MNT (ASMNT) a \u00e9t\u00e9 initi\u00e9 en 2019 sous le leadership de l&rsquo;ONG PATH S\u00e9n\u00e9gal et officiellement enregistr\u00e9e le 30 novembre 2020 avec le soutien de la NCD Alliance.<\/div>\n<div>Les principaux membres fondateurs de la ASMNT sont PATH, l\u2019Association de Soutien et aide aux diab\u00e9tiques (ASSAD) La ligue s\u00e9n\u00e9galaise de cancer (LISCA) L\u2019association s\u00e9n\u00e9galaise des professionnels de sant\u00e9 publique (ASPSP), La soci\u00e9t\u00e9 s\u00e9n\u00e9galaise de cardiologie (SOSECAR).<\/div>\n<div>Il s&rsquo;agit d&rsquo;un r\u00e9seau d&rsquo;ONG, association de la soci\u00e9t\u00e9 civile, organisation de professionnels\u2026 travaillant dans divers domaines de la sant\u00e9 et du d\u00e9veloppement. Sa cr\u00e9ation \u00e9tait n\u00e9cessaire en raison de l&rsquo;augmentation du fardeau sanitaire associ\u00e9 aux MNT au S\u00e9n\u00e9gal et dans le monde entier. De plus L\u2019ensemble de ces organisations se regroupe autour d\u2019un objectif commun de mener un plaidoyer pour la pr\u00e9vention et la r\u00e9duction des facteurs de risque des MNT.<\/div>\n<p><\/span><\/p><\/div>[vc_row_inner][vc_column_inner width=\u00a0\u00bb1\/2&Prime;]<div class=\"pix_numbers animate-math \"><div><h1 class=\"align-self-center text-left \"><span class=\"font-weight-bold text-gradient-primary-test\" style=\"\">+<\/span><span class=\"number font-weight-bold text-gradient-primary-test\" style=\"\" data-duration=\"1500\" data-to=\"180\">0<\/span><span class=\"font-weight-bold text-gradient-primary-test\" style=\"\"><\/span><\/h1><\/div><div class=\"w-100 text-left\"><h6 class=\"mt-0 text-heading-default font-weight-bold\" style=\"\">Intervenants<\/h6><\/div><\/div>\n[\/vc_column_inner][vc_column_inner width=\u00a0\u00bb1\/2&Prime;]<div class=\"pix_numbers animate-math \"><div><h1 class=\"align-self-center text-left \"><span class=\"font-weight-bold text-gradient-primary-test\" style=\"\">+<\/span><span class=\"number font-weight-bold text-gradient-primary-test\" style=\"\" data-duration=\"1500\" data-to=\"50\">0<\/span><span class=\"font-weight-bold text-gradient-primary-test\" style=\"\"><\/span><\/h1><\/div><div class=\"w-100 text-left\"><h6 class=\"mt-0 text-heading-default font-weight-bold\" style=\"\">Actions sur le terrain<\/h6><\/div><\/div>\n[\/vc_column_inner][\/vc_row_inner]<\/div><\/div>[\/vc_column][\/vc_row][vc_row full_width=\u00a0\u00bbstretch_row\u00a0\u00bb equal_height=\u00a0\u00bbyes\u00a0\u00bb pix_particles_check=\u00a0\u00bb\u00a0\u00bb pix_visibility=\u00a0\u00bb1&Prime; css=\u00a0\u00bb.vc_custom_1593104654942{padding-top: 80px !important;padding-bottom: 80px !important;}\u00a0\u00bb][vc_column width=\u00a0\u00bb1\/2&Prime;]<div class=\"pix-content-box card   sticky-top pix-sticky-top-adjust   vc_custom_1588791497974    rounded-lg bg- w-100  \"   ><div class=\"\" style=\"z-index:30;position:relative;\"><div  class=\"pix-heading-el text-left \"><div><div class=\"slide-in-container\"><h4 class=\"text-heading-default font-weight-bold heading-text el-title_custom_color mb-12\" style=\"\" data-anim-type=\"\" data-anim-delay=\"0\">Les objectifs de l'Alliance sont les suivants :<\/h4><\/div><\/div><\/div><div class=\"pix-el-text w-100   vc_custom_1652742065703\" ><p class=\"text-20  text-body-default  \" ><span class=\"animate-in d-inline-block\" data-anim-delay=\"200\" data-anim-type=\"fade-in-up\"><\/p>\n<div>&#8211; Identifier et mettre en \u0153uvre des strat\u00e9gies de plaidoyer politique en faveur de la pr\u00e9vention des MNT, la sensibilisation et la promotion d\u2019un mode de vie sain; \u00eatre un organe de veille et d\u2019alerte en ce qui concerne la lutte contre les MNT<\/div>\n<div>&#8211; Renforcer les capacit\u00e9s de la soci\u00e9t\u00e9 civile, et des populations s\u00e9n\u00e9galaises<\/div>\n<div>&#8211; Soutenir l&rsquo;\u00e9laboration et la mise en \u0153uvre de plans et de politiques nationaux relatifs aux maladies non transmissibles ;<\/div>\n<div>&#8211; Renforcer et \u00e9tablir des partenariats avec les gouvernements, d&rsquo;autres r\u00e9seaux r\u00e9gionaux et mondiaux dans la mise en \u0153uvre des programmes relatifs aux maladies non transmissibles ;<\/div>\n<div>&#8211; Mener des recherches et partager les connaissances sur les MNT.<\/div>\n<p><\/span><\/p><\/div><div id=\"duo-icon-75063791\" class=\"pix-icon d-inline-block  vc_custom_1588797993307\"><div class=\"mr-32 d-inline-block text-gradient-primary scale-lg\"   style=\"width:54px;height:54px;position:relative;line-height:54px;text-align:center;\"><svg width=\"100%\" height=\"100%\" viewBox=\"0 0 24 24\" version=\"1.1\" xmlns=\"http:\/\/www.w3.org\/2000\/svg\" xmlns:xlink=\"http:\/\/www.w3.org\/1999\/xlink\"> <defs><\/defs> <g stroke=\"none\" stroke-width=\"1\" fill=\"none\" fill-rule=\"evenodd\"> <path d=\"M18,14 C16.3431458,14 15,12.6568542 15,11 C15,9.34314575 16.3431458,8 18,8 C19.6568542,8 21,9.34314575 21,11 C21,12.6568542 19.6568542,14 18,14 Z M9,11 C6.790861,11 5,9.209139 5,7 C5,4.790861 6.790861,3 9,3 C11.209139,3 13,4.790861 13,7 C13,9.209139 11.209139,11 9,11 Z\" fill=\"#000000\" fill-rule=\"nonzero\" opacity=\"0.3\"><\/path> <path d=\"M17.6011961,15.0006174 C21.0077043,15.0378534 23.7891749,16.7601418 23.9984937,20.4 C24.0069246,20.5466056 23.9984937,21 23.4559499,21 L19.6,21 C19.6,18.7490654 18.8562935,16.6718327 17.6011961,15.0006174 Z M0.00065168429,20.1992055 C0.388258525,15.4265159 4.26191235,13 8.98334134,13 C13.7712164,13 17.7048837,15.2931929 17.9979143,20.2 C18.0095879,20.3954741 17.9979143,21 17.2466999,21 C13.541124,21 8.03472472,21 0.727502227,21 C0.476712155,21 -0.0204617505,20.45918 0.00065168429,20.1992055 Z\" fill=\"#000000\" fill-rule=\"nonzero\"><\/path> <\/g> <\/svg><\/div><\/div><div id=\"duo-icon-87803739\" class=\"pix-icon d-inline-block  vc_custom_1588798064272\"><div class=\"mr-32 d-inline-block text-gradient-primary scale-lg\"   style=\"width:54px;height:54px;position:relative;line-height:54px;text-align:center;\"><svg width=\"100%\" height=\"100%\" viewBox=\"0 0 24 24\" version=\"1.1\" xmlns=\"http:\/\/www.w3.org\/2000\/svg\" xmlns:xlink=\"http:\/\/www.w3.org\/1999\/xlink\"> <defs><\/defs> <g stroke=\"none\" stroke-width=\"1\" fill=\"none\" fill-rule=\"evenodd\"> <path d=\"M7,3 L17,3 C19.209139,3 21,4.790861 21,7 C21,9.209139 19.209139,11 17,11 L7,11 C4.790861,11 3,9.209139 3,7 C3,4.790861 4.790861,3 7,3 Z M7,9 C8.1045695,9 9,8.1045695 9,7 C9,5.8954305 8.1045695,5 7,5 C5.8954305,5 5,5.8954305 5,7 C5,8.1045695 5.8954305,9 7,9 Z\" fill=\"#000000\"><\/path> <path d=\"M7,13 L17,13 C19.209139,13 21,14.790861 21,17 C21,19.209139 19.209139,21 17,21 L7,21 C4.790861,21 3,19.209139 3,17 C3,14.790861 4.790861,13 7,13 Z M17,19 C18.1045695,19 19,18.1045695 19,17 C19,15.8954305 18.1045695,15 17,15 C15.8954305,15 15,15.8954305 15,17 C15,18.1045695 15.8954305,19 17,19 Z\" fill=\"#000000\" opacity=\"0.3\"><\/path> <\/g> <\/svg><\/div><\/div><div id=\"duo-icon-109832262\" class=\"pix-icon d-inline-block  vc_custom_1588798128807\"><div class=\"mr-32 d-inline-block text-gradient-primary scale-lg\"   style=\"width:54px;height:54px;position:relative;line-height:54px;text-align:center;\"><svg width=\"100%\" height=\"100%\" viewBox=\"0 0 24 24\" version=\"1.1\" xmlns=\"http:\/\/www.w3.org\/2000\/svg\" xmlns:xlink=\"http:\/\/www.w3.org\/1999\/xlink\"> <defs><\/defs> <g stroke=\"none\" stroke-width=\"1\" fill=\"none\" fill-rule=\"evenodd\"> <circle fill=\"#000000\" opacity=\"0.3\" cx=\"12\" cy=\"12\" r=\"9\"><\/circle> <path d=\"M11.7357634,20.9961946 C6.88740052,20.8563914 3,16.8821712 3,12 C3,11.9168367 3.00112797,11.8339369 3.00336944,11.751315 C3.66233009,11.8143341 4.85636818,11.9573854 4.91262842,12.4204038 C4.9904938,13.0609191 4.91262842,13.8615942 5.45804656,14.101772 C6.00346469,14.3419498 6.15931561,13.1409372 6.6267482,13.4612567 C7.09418079,13.7815761 8.34086797,14.0899175 8.34086797,14.6562185 C8.34086797,15.222396 8.10715168,16.1034596 8.34086797,16.2636193 C8.57458427,16.423779 9.5089688,17.54465 9.50920913,17.7048097 C9.50956962,17.8649694 9.83857487,18.6793513 9.74040201,18.9906563 C9.65905192,19.2487394 9.24857641,20.0501554 8.85059781,20.4145589 C9.75315358,20.7620621 10.7235846,20.9657742 11.7357634,20.9960544 L11.7357634,20.9961946 Z M8.28272988,3.80112099 C9.4158415,3.28656421 10.6744554,3 12,3 C15.5114513,3 18.5532143,5.01097452 20.0364482,7.94408274 C20.069657,8.72412177 20.0638332,9.39135321 20.2361262,9.6327358 C21.1131932,10.8600506 18.0995147,11.7043158 18.5573343,13.5605384 C18.7589671,14.3794892 16.5527814,14.1196773 16.0139722,14.886394 C15.4748026,15.6527403 14.1574598,15.137809 13.8520064,14.9904917 C13.546553,14.8431744 12.3766497,15.3341497 12.4789081,14.4995164 C12.5805657,13.664636 13.2922889,13.6156126 14.0555619,13.2719546 C14.8184743,12.928667 15.9189236,11.7871741 15.3781918,11.6380045 C12.8323064,10.9362407 11.963771,8.47852395 11.963771,8.47852395 C11.8110443,8.44901109 11.8493762,6.74109366 11.1883616,6.69207022 C10.5267462,6.64279981 10.170464,6.88841096 9.20435656,6.69207022 C8.23764828,6.49572949 8.44144409,5.85743687 8.2887174,4.48255778 C8.25453994,4.17415686 8.25619136,3.95717082 8.28272988,3.80112099 Z M20.9991771,11.8770357 C20.9997251,11.9179585 21,11.9589471 21,12 C21,16.9406923 17.0188468,20.9515364 12.0895088,20.9995641 C16.970233,20.9503326 20.9337111,16.888438 20.9991771,11.8770357 Z\" fill=\"#000000\" opacity=\"0.3\"><\/path> <\/g> <\/svg><\/div><\/div><\/div><\/div>[\/vc_column][vc_column width=\u00a0\u00bb1\/2&Prime;]<div class=\"pix-photo-stack pix-img-2  vc_custom_1652742435240\"><div class=\"img-el\" ><div class=\"w-100 pix-bounce-sm pix-duration-slow\"><div class=\"animate-in d-inline-block w-100\" data-anim-type=\"fade-in-up\" data-anim-delay=\"0\"><div class=\"tilt\"><img loading=\"lazy\" decoding=\"async\" width=\"600\" height=\"600\" class=\"pix-lazy rounded-lg shadow-lg shadow-hover-lg scale-sm d-inline-block\" loading=\"lazy\" data-srcset=\"https:\/\/asmnt.org\/wp-content\/uploads\/2022\/05\/ALLIANCE_Block03_600x600a-300x300.jpg 300w, https:\/\/asmnt.org\/wp-content\/uploads\/2022\/05\/ALLIANCE_Block03_600x600a-150x150.jpg 150w, https:\/\/asmnt.org\/wp-content\/uploads\/2022\/05\/ALLIANCE_Block03_600x600a-400x400.jpg 400w, https:\/\/asmnt.org\/wp-content\/uploads\/2022\/05\/ALLIANCE_Block03_600x600a-75x75.jpg 75w, https:\/\/asmnt.org\/wp-content\/uploads\/2022\/05\/ALLIANCE_Block03_600x600a-460x460.jpg 460w, https:\/\/asmnt.org\/wp-content\/uploads\/2022\/05\/ALLIANCE_Block03_600x600a.jpg 600w\" src=\"https:\/\/asmnt.org\/wp-content\/plugins\/pixfort-core\/functions\/images\/loading.webp\" data-src=\"https:\/\/asmnt.org\/wp-content\/uploads\/2022\/05\/ALLIANCE_Block03_600x600a.jpg\" alt=\"\" \/><\/div><\/div><\/div><\/div><div class=\"img-el\" ><div class=\"w-100 pix-bounce-sm pix-duration-slow\"><div class=\"animate-in d-inline-block w-100\" data-anim-type=\"fade-in-up\" data-anim-delay=\"100\"><div class=\"tilt\"><img loading=\"lazy\" decoding=\"async\" width=\"600\" height=\"600\" class=\"pix-lazy rounded-lg shadow-lg shadow-hover-lg scale-sm d-inline-block\" loading=\"lazy\" data-srcset=\"https:\/\/asmnt.org\/wp-content\/uploads\/2022\/05\/ALLIANCE_Block03_600x600b-300x300.jpg 300w, https:\/\/asmnt.org\/wp-content\/uploads\/2022\/05\/ALLIANCE_Block03_600x600b-150x150.jpg 150w, https:\/\/asmnt.org\/wp-content\/uploads\/2022\/05\/ALLIANCE_Block03_600x600b-400x400.jpg 400w, https:\/\/asmnt.org\/wp-content\/uploads\/2022\/05\/ALLIANCE_Block03_600x600b-75x75.jpg 75w, https:\/\/asmnt.org\/wp-content\/uploads\/2022\/05\/ALLIANCE_Block03_600x600b-460x460.jpg 460w, https:\/\/asmnt.org\/wp-content\/uploads\/2022\/05\/ALLIANCE_Block03_600x600b.jpg 600w\" src=\"https:\/\/asmnt.org\/wp-content\/plugins\/pixfort-core\/functions\/images\/loading.webp\" data-src=\"https:\/\/asmnt.org\/wp-content\/uploads\/2022\/05\/ALLIANCE_Block03_600x600b.jpg\" alt=\"\" \/><\/div><\/div><\/div><\/div><\/div>[\/vc_column][\/vc_row]<\/p>\n","protected":false},"excerpt":{"rendered":"[vc_section pix_over_visibility=\u00a0\u00bb\u00a0\u00bb pix_overlay_color=\u00a0\u00bbcustom\u00a0\u00bb pix_overlay_custom_color=\u00a0\u00bb#f8f9fa\u00a0\u00bb pix_visibility=\u00a0\u00bb1&Prime; css=\u00a0\u00bb.vc_custom_1650543694237{padding-top: 30px !important;padding-bottom: 30px !important;background-color: #ffffff !important;}\u00a0\u00bb el_id=\u00a0\u00bbmnt-section-2&Prime;][vc_row full_width=\u00a0\u00bbstretch_row_content_no_spaces\u00a0\u00bb pix_particles_check=\u00a0\u00bb\u00a0\u00bb][vc_column css=\u00a0\u00bb.vc_custom_1588804849684{padding-top: 20px !important;padding-bottom: 20px !important;}\u00a0\u00bb offset=\u00a0\u00bbvc_col-md-offset-2 vc_col-md-8&Prime;][\/vc_column][\/vc_row][\/vc_section][vc_row full_width=\u00a0\u00bbstretch_row\u00a0\u00bb equal_height=\u00a0\u00bbyes\u00a0\u00bb pix_particles_check=\u00a0\u00bb\u00a0\u00bb pix_visibility=\u00a0\u00bb1&Prime; css=\u00a0\u00bb.vc_custom_1593104571502{padding-top: 80px !important;padding-bottom: 80px !important;}\u00a0\u00bb][vc_column width=\u00a0\u00bb1\/2&Prime;][\/vc_column][vc_column width=\u00a0\u00bb1\/2&Prime;][\/vc_column][\/vc_row][vc_row full_width=\u00a0\u00bbstretch_row\u00a0\u00bb equal_height=\u00a0\u00bbyes\u00a0\u00bb pix_particles_check=\u00a0\u00bb\u00a0\u00bb pix_visibility=\u00a0\u00bb1&Prime; css=\u00a0\u00bb.vc_custom_1593104654942{padding-top: 80px !important;padding-bottom:&#8230;","protected":false},"author":1,"featured_media":0,"parent":0,"menu_order":0,"comment_status":"closed","ping_status":"closed","template":"","meta":{"footnotes":""},"class_list":["post-13591","page","type-page","status-publish","hentry"],"_links":{"self":[{"href":"https:\/\/asmnt.org\/index.php\/wp-json\/wp\/v2\/pages\/13591","targetHints":{"allow":["GET"]}}],"collection":[{"href":"https:\/\/asmnt.org\/index.php\/wp-json\/wp\/v2\/pages"}],"about":[{"href":"https:\/\/asmnt.org\/index.php\/wp-json\/wp\/v2\/types\/page"}],"author":[{"embeddable":true,"href":"https:\/\/asmnt.org\/index.php\/wp-json\/wp\/v2\/users\/1"}],"replies":[{"embeddable":true,"href":"https:\/\/asmnt.org\/index.php\/wp-json\/wp\/v2\/comments?post=13591"}],"version-history":[{"count":10,"href":"https:\/\/asmnt.org\/index.php\/wp-json\/wp\/v2\/pages\/13591\/revisions"}],"predecessor-version":[{"id":13654,"href":"https:\/\/asmnt.org\/index.php\/wp-json\/wp\/v2\/pages\/13591\/revisions\/13654"}],"wp:attachment":[{"href":"https:\/\/asmnt.org\/index.php\/wp-json\/wp\/v2\/media?parent=13591"}],"curies":[{"name":"wp","href":"https:\/\/api.w.org\/{rel}","templated":true}]}}