{"id":13596,"date":"2022-05-14T19:25:10","date_gmt":"2022-05-14T19:25:10","guid":{"rendered":"http:\/\/asmnt.org\/?page_id=13596"},"modified":"2022-10-15T14:36:53","modified_gmt":"2022-10-15T14:36:53","slug":"structure","status":"publish","type":"page","link":"https:\/\/asmnt.org\/index.php\/structure\/","title":{"rendered":"Structure"},"content":{"rendered":"<p>[vc_section full_width=\u00a0\u00bbstretch_row\u00a0\u00bb pix_over_visibility=\u00a0\u00bb\u00a0\u00bb bottom_divider_select=\u00a0\u00bb19&Prime; b_has_animation=\u00a0\u00bbtrue\u00a0\u00bb b_2_is_gradient=\u00a0\u00bbtrue\u00a0\u00bb b_2_color=\u00a0\u00bbrgba(255,255,255,0.7)\u00a0\u00bb b_2_color_2=\u00a0\u00bbrgba(255,255,255,0.7)\u00a0\u00bb b_2_animation=\u00a0\u00bbfade-in-up\u00a0\u00bb b_3_is_gradient=\u00a0\u00bbtrue\u00a0\u00bb b_3_color=\u00a0\u00bb#e9ecef\u00a0\u00bb b_3_color_2=\u00a0\u00bb#dee2e6&Prime; b_3_animation=\u00a0\u00bbfade-in-up\u00a0\u00bb css=\u00a0\u00bb.vc_custom_1593125780553{padding-top: 80px !important;padding-bottom: 80px !important;background-color: #f8f9fa !important;}\u00a0\u00bb b_3_delay=\u00a0\u00bb200&Prime;][vc_row pix_particles_check=\u00a0\u00bb\u00a0\u00bb][vc_column content_align=\u00a0\u00bbtext-center\u00a0\u00bb]<h6 class=\"pix-badge-element d-inline-block mr-1 animate-in\" data-anim-type=\"fade-in-up\" data-anim-delay=\"0\"><span class=\"badge font-weight-bold secondary-font bg-gray-2  vc_custom_1652556465971  \" style=\" \"><span class=\"text-heading-default\" style=\"\">Initi\u00e9 en 2019<\/span><\/span><\/h6><div id=\"el1652556425905-d6a29055-2e8e\" class=\"mb-3 text-center  vc_custom_1652556573592\"><h3 class=\"mb-32 pix-sliding-headline font-weight-bold secondary-font\" data-class=\"secondary-font text-heading-default\" data-style=\"\">Bureau de l\u2019Alliance Nationale de Lutte contre les MNT<\/h3><\/div>[\/vc_column][\/vc_row][vc_row pix_particles_check=\u00a0\u00bb\u00a0\u00bb css=\u00a0\u00bb.vc_custom_1589160602713{padding-top: 40px !important;}\u00a0\u00bb][vc_column]<div class=\"d-inline-block \" ><div class=\"animate-in  d-inline-block\" data-anim-type=\"fade-in-up\" data-anim-delay=\"0\"><div class=\"pix-img-el    shadow-lg text-left d-inline-block  w-100 rounded-xl\"  ><img fetchpriority=\"high\" decoding=\"async\" class=\"card-img2 pix-img-elem rounded-xl  h-1002\" style=\"height:auto;\" width=\"1050\" height=\"490\" srcset=\"https:\/\/asmnt.org\/wp-content\/uploads\/2022\/06\/STRUCTURE_Block01.jpg 1050w, https:\/\/asmnt.org\/wp-content\/uploads\/2022\/06\/STRUCTURE_Block01-300x140.jpg 300w, https:\/\/asmnt.org\/wp-content\/uploads\/2022\/06\/STRUCTURE_Block01-1024x478.jpg 1024w, https:\/\/asmnt.org\/wp-content\/uploads\/2022\/06\/STRUCTURE_Block01-768x358.jpg 768w\" sizes=\"(max-width: 1050px) 100vw, 1050px\" src=\"https:\/\/asmnt.org\/wp-content\/uploads\/2022\/06\/STRUCTURE_Block01.jpg\" alt=\"\" \/><\/div><\/div><\/div>[\/vc_column][\/vc_row][\/vc_section][vc_section full_width=\u00a0\u00bbstretch_row\u00a0\u00bb pix_over_visibility=\u00a0\u00bb\u00a0\u00bb bottom_divider_select=\u00a0\u00bb8&Prime; bottom_layers=\u00a0\u00bb1&Prime; top_divider_select=\u00a0\u00bb8&Prime; top_layers=\u00a0\u00bb1&Prime; responsive_css=\u00a0\u00bb{\u00ab\u00a0pix_res_sm_pb\u00ab\u00a0:\u00ab\u00a020\u00ab\u00a0,\u00ab\u00a0pix_res_md_pb\u00ab\u00a0:\u00ab\u00a020\u00ab\u00a0}\u00a0\u00bb css=\u00a0\u00bb.vc_custom_1617583287402{padding-top: 80px !important;padding-bottom: 80px !important;}\u00a0\u00bb b_custom_height=\u00a0\u00bb300px\u00a0\u00bb t_custom_height=\u00a0\u00bb300px\u00a0\u00bb][vc_row pix_particles_check=\u00a0\u00bb\u00a0\u00bb responsive_css=\u00a0\u00bb{\u00ab\u00a0pix_res_sm_pb\u00ab\u00a0:\u00ab\u00a040\u00ab\u00a0,\u00ab\u00a0pix_res_md_pb\u00ab\u00a0:\u00ab\u00a040\u00ab\u00a0}\u00a0\u00bb css=\u00a0\u00bb.vc_custom_1613524951106{padding-bottom: 80px !important;}\u00a0\u00bb][vc_column]<div class=\"pix-element-div w-100 text-center\"><h6 class=\"pix-badge-element d-inline-block mr-1 animate-in\" data-anim-type=\"fade-in-up\" data-anim-delay=\"0\"><span class=\"badge font-weight-bold secondary-font bg-gray-2  vc_custom_1652743424315  \" style=\" \"><span class=\"text-heading-default\" style=\"\">ASMNT<\/span><\/span><\/h6><\/div><div id=\"el1603925735052-9e8ebf61-2524\" class=\"pix-highlighted-element text-center  vc_custom_1652743466194\"><div class=\"d-inline-block\" style=\"max-width:600px;\"><h2 class=\"pix-highlighted-items \" style=\"\" data-anim-type=\"\" data-anim-delay=\"0\"><span class=\"pix-highlight-item font-weight-normal  heading-font text-heading-default align-middle\">Notre <\/span><span class=\"pix-highlight-bg align-middle  el1603925735052-9e8ebf61-2524-1 animate-in\" data-anim-type=\"highlight-grow\" data-anim-delay=\"200\"><span class=\"pix-highlighted-text  pix-highlight-item font-weight-normal  font-weight-bold heading-font text-heading-default\">Bureau<\/span><\/span><\/h2><\/div><\/div>[\/vc_column][\/vc_row][vc_row pix_particles_check=\u00a0\u00bb\u00a0\u00bb][vc_column width=\u00a0\u00bb1\/4&Prime; css=\u00a0\u00bb.vc_custom_1577598824149{padding-top: 20px !important;padding-bottom: 20px !important;}\u00a0\u00bb]<div class=\" text-center \" style=\"position:relative\" data-anim-type=\"\" data-anim-delay=\"0\"><div class=\"card-body text-center\"><div class=\"mb-2\" ><div class=\"pix-story d-inline-block \"  ><div class=\"story-img pix-bg-attachment-scroll pix-bg-custom pix-no-bg center d-inline-block\" ><img decoding=\"async\" width=\"160\" height=\"160\" src=\"https:\/\/asmnt.org\/wp-content\/uploads\/2022\/10\/Issa-Wone-300x300.jpg\" class=\"rounded-circle bg-white pix-fit-cover img-fluid hover-effect \" alt=\"Pr Issa Wone\" style=\"width:160px;height:160px;\" srcset=\"https:\/\/asmnt.org\/wp-content\/uploads\/2022\/10\/Issa-Wone.jpg 300w, https:\/\/asmnt.org\/wp-content\/uploads\/2022\/10\/Issa-Wone-150x150.jpg 150w, https:\/\/asmnt.org\/wp-content\/uploads\/2022\/10\/Issa-Wone-75x75.jpg 75w\" sizes=\"(max-width: 160px) 100vw, 160px\" \/><\/div><\/div><\/div><div class=\"text-center\"><h5 class=\"pix-member-name card-title mb-3 font-weight-bold   text-heading-default \" style=\"\" data-anim-type=\"\" data-anim-delay=\"0\">Pr Issa Wone<\/h5><h6 class=\"pix-member-title mb-3 font-weight-bold   text-body-default \" style=\"\" data-anim-type=\"\" data-anim-delay=\"100\"><strong>Pr\u00e9sident<\/strong><\/h6><\/div><\/div><\/div>[\/vc_column][vc_column width=\u00a0\u00bb1\/4&Prime; css=\u00a0\u00bb.vc_custom_1577599091460{padding-top: 20px !important;padding-bottom: 20px !important;}\u00a0\u00bb]<div class=\" text-center \" style=\"position:relative\" data-anim-type=\"\" data-anim-delay=\"0\"><div class=\"card-body text-center\"><div class=\"mb-2\" ><div class=\"pix-story d-inline-block \"  ><div class=\"story-img pix-bg-attachment-scroll pix-bg-custom pix-no-bg center d-inline-block\" ><img decoding=\"async\" width=\"160\" height=\"160\" src=\"https:\/\/asmnt.org\/wp-content\/uploads\/2022\/06\/img_about_IDA-300x300.jpg\" class=\"rounded-circle bg-white pix-fit-cover img-fluid hover-effect \" alt=\"Ida Rose Ndione\" style=\"width:160px;height:160px;\" srcset=\"https:\/\/asmnt.org\/wp-content\/uploads\/2022\/06\/img_about_IDA.jpg 300w, https:\/\/asmnt.org\/wp-content\/uploads\/2022\/06\/img_about_IDA-150x150.jpg 150w, https:\/\/asmnt.org\/wp-content\/uploads\/2022\/06\/img_about_IDA-75x75.jpg 75w\" sizes=\"(max-width: 160px) 100vw, 160px\" \/><\/div><\/div><\/div><div class=\"text-center\"><h5 class=\"pix-member-name card-title mb-3 font-weight-bold   text-heading-default \" style=\"\" data-anim-type=\"\" data-anim-delay=\"0\">Ida Rose Ndione<\/h5><h6 class=\"pix-member-title mb-3 font-weight-bold   text-body-default \" style=\"\" data-anim-type=\"\" data-anim-delay=\"100\"><strong>Vice-pr\u00e9sident<\/strong><\/h6><\/div><\/div><\/div>[\/vc_column][vc_column width=\u00a0\u00bb1\/4&Prime; css=\u00a0\u00bb.vc_custom_1577598818066{padding-top: 20px !important;padding-bottom: 20px !important;}\u00a0\u00bb]<div class=\" text-center \" style=\"position:relative\" data-anim-type=\"\" data-anim-delay=\"0\"><div class=\"card-body text-center\"><div class=\"mb-2\" ><div class=\"pix-story d-inline-block \"  ><div class=\"story-img pix-bg-attachment-scroll pix-bg-custom pix-no-bg center d-inline-block\" ><img loading=\"lazy\" decoding=\"async\" width=\"160\" height=\"160\" src=\"https:\/\/asmnt.org\/wp-content\/uploads\/2022\/05\/img_about000-300x300.jpg\" class=\"rounded-circle bg-white pix-fit-cover img-fluid hover-effect \" alt=\"Mansour Niang\" style=\"width:160px;height:160px;\" srcset=\"https:\/\/asmnt.org\/wp-content\/uploads\/2022\/05\/img_about000.jpg 300w, https:\/\/asmnt.org\/wp-content\/uploads\/2022\/05\/img_about000-150x150.jpg 150w, https:\/\/asmnt.org\/wp-content\/uploads\/2022\/05\/img_about000-75x75.jpg 75w\" sizes=\"(max-width: 160px) 100vw, 160px\" \/><\/div><\/div><\/div><div class=\"text-center\"><h5 class=\"pix-member-name card-title mb-3 font-weight-bold   text-heading-default \" style=\"\" data-anim-type=\"\" data-anim-delay=\"0\">Mansour Niang<\/h5><h6 class=\"pix-member-title mb-3 font-weight-bold   text-body-default \" style=\"\" data-anim-type=\"\" data-anim-delay=\"100\"><strong>Secr\u00e9taire g\u00e9n\u00e9ral<\/strong><\/h6><\/div><\/div><\/div>[\/vc_column][vc_column width=\u00a0\u00bb1\/4&Prime; css=\u00a0\u00bb.vc_custom_1577598809438{padding-top: 20px !important;padding-bottom: 20px !important;}\u00a0\u00bb]<div class=\" text-center \" style=\"position:relative\" data-anim-type=\"\" data-anim-delay=\"0\"><div class=\"card-body text-center\"><div class=\"mb-2\" ><div class=\"pix-story d-inline-block \"  ><div class=\"story-img pix-bg-attachment-scroll pix-bg-custom pix-no-bg center d-inline-block\" ><img loading=\"lazy\" decoding=\"async\" width=\"160\" height=\"160\" src=\"https:\/\/asmnt.org\/wp-content\/uploads\/2022\/05\/img_about000-300x300.jpg\" class=\"rounded-circle bg-white pix-fit-cover img-fluid hover-effect \" alt=\"Baye Omar Gueye\" style=\"width:160px;height:160px;\" srcset=\"https:\/\/asmnt.org\/wp-content\/uploads\/2022\/05\/img_about000.jpg 300w, https:\/\/asmnt.org\/wp-content\/uploads\/2022\/05\/img_about000-150x150.jpg 150w, https:\/\/asmnt.org\/wp-content\/uploads\/2022\/05\/img_about000-75x75.jpg 75w\" sizes=\"(max-width: 160px) 100vw, 160px\" \/><\/div><\/div><\/div><div class=\"text-center\"><h5 class=\"pix-member-name card-title mb-3 font-weight-bold   text-heading-default \" style=\"\" data-anim-type=\"\" data-anim-delay=\"0\">Baye Omar Gueye<\/h5><h6 class=\"pix-member-title mb-3    text-body-default \" style=\"\" data-anim-type=\"\" data-anim-delay=\"100\"><strong>Tr\u00e9sorier<\/strong><\/h6><\/div><\/div><\/div>[\/vc_column][\/vc_row][vc_row pix_particles_check=\u00a0\u00bb\u00a0\u00bb][vc_column width=\u00a0\u00bb1\/4&Prime; css=\u00a0\u00bb.vc_custom_1577598824149{padding-top: 20px !important;padding-bottom: 20px !important;}\u00a0\u00bb]<div class=\" text-center \" style=\"position:relative\" data-anim-type=\"\" data-anim-delay=\"0\"><div class=\"card-body text-center\"><div class=\"mb-2\" ><div class=\"pix-story d-inline-block \"  ><div class=\"story-img pix-bg-attachment-scroll pix-bg-custom pix-no-bg center d-inline-block\" ><img loading=\"lazy\" decoding=\"async\" width=\"160\" height=\"160\" src=\"https:\/\/asmnt.org\/wp-content\/uploads\/2022\/10\/Abdoulaye_Loum-300x300.jpg\" class=\"rounded-circle bg-white pix-fit-cover img-fluid hover-effect \" alt=\"Abdoulaye Loum\" style=\"width:160px;height:160px;\" srcset=\"https:\/\/asmnt.org\/wp-content\/uploads\/2022\/10\/Abdoulaye_Loum.jpg 300w, https:\/\/asmnt.org\/wp-content\/uploads\/2022\/10\/Abdoulaye_Loum-150x150.jpg 150w, https:\/\/asmnt.org\/wp-content\/uploads\/2022\/10\/Abdoulaye_Loum-75x75.jpg 75w\" sizes=\"(max-width: 160px) 100vw, 160px\" \/><\/div><\/div><\/div><div class=\"text-center\"><h5 class=\"pix-member-name card-title mb-3 font-weight-bold   text-heading-default \" style=\"\" data-anim-type=\"\" data-anim-delay=\"0\">Abdoulaye Loum<\/h5><h6 class=\"pix-member-title mb-3 font-weight-bold   text-body-default \" style=\"\" data-anim-type=\"\" data-anim-delay=\"100\"><strong>Tr\u00e9sorier adjoint<\/strong><\/h6><\/div><\/div><\/div>[\/vc_column][vc_column width=\u00a0\u00bb1\/4&Prime; css=\u00a0\u00bb.vc_custom_1577599091460{padding-top: 20px !important;padding-bottom: 20px !important;}\u00a0\u00bb]<div class=\" text-center \" style=\"position:relative\" data-anim-type=\"\" data-anim-delay=\"0\"><div class=\"card-body text-center\"><div class=\"mb-2\" ><div class=\"pix-story d-inline-block \"  ><div class=\"story-img pix-bg-attachment-scroll pix-bg-custom pix-no-bg center d-inline-block\" ><img loading=\"lazy\" decoding=\"async\" width=\"160\" height=\"160\" src=\"https:\/\/asmnt.org\/wp-content\/uploads\/2022\/10\/Aminata-Ndir-300x300.jpg\" class=\"rounded-circle bg-white pix-fit-cover img-fluid hover-effect \" alt=\"Dr Aminata Ndir\" style=\"width:160px;height:160px;\" srcset=\"https:\/\/asmnt.org\/wp-content\/uploads\/2022\/10\/Aminata-Ndir.jpg 300w, https:\/\/asmnt.org\/wp-content\/uploads\/2022\/10\/Aminata-Ndir-150x150.jpg 150w, https:\/\/asmnt.org\/wp-content\/uploads\/2022\/10\/Aminata-Ndir-75x75.jpg 75w\" sizes=\"(max-width: 160px) 100vw, 160px\" \/><\/div><\/div><\/div><div class=\"text-center\"><h5 class=\"pix-member-name card-title mb-3 font-weight-bold   text-heading-default \" style=\"\" data-anim-type=\"\" data-anim-delay=\"0\">Dr Aminata Ndir<\/h5><h6 class=\"pix-member-title mb-3 font-weight-bold   text-body-default \" style=\"\" data-anim-type=\"\" data-anim-delay=\"100\"><strong>Secr\u00e9taire charg\u00e9 de la communication<\/strong><\/h6><\/div><\/div><\/div>[\/vc_column][vc_column width=\u00a0\u00bb1\/4&Prime; css=\u00a0\u00bb.vc_custom_1577598818066{padding-top: 20px !important;padding-bottom: 20px !important;}\u00a0\u00bb]<div class=\" text-center \" style=\"position:relative\" data-anim-type=\"\" data-anim-delay=\"0\"><div class=\"card-body text-center\"><div class=\"mb-2\" ><div class=\"pix-story d-inline-block \"  ><div class=\"story-img pix-bg-attachment-scroll pix-bg-custom pix-no-bg center d-inline-block\" ><img loading=\"lazy\" decoding=\"async\" width=\"160\" height=\"160\" src=\"https:\/\/asmnt.org\/wp-content\/uploads\/2022\/05\/img_about000-300x300.jpg\" class=\"rounded-circle bg-white pix-fit-cover img-fluid hover-effect \" alt=\"Massaer Seck\" style=\"width:160px;height:160px;\" srcset=\"https:\/\/asmnt.org\/wp-content\/uploads\/2022\/05\/img_about000.jpg 300w, https:\/\/asmnt.org\/wp-content\/uploads\/2022\/05\/img_about000-150x150.jpg 150w, https:\/\/asmnt.org\/wp-content\/uploads\/2022\/05\/img_about000-75x75.jpg 75w\" sizes=\"(max-width: 160px) 100vw, 160px\" \/><\/div><\/div><\/div><div class=\"text-center\"><h5 class=\"pix-member-name card-title mb-3 font-weight-bold   text-heading-default \" style=\"\" data-anim-type=\"\" data-anim-delay=\"0\">Massaer Seck<\/h5><h6 class=\"pix-member-title mb-3 font-weight-bold   text-body-default \" style=\"\" data-anim-type=\"\" data-anim-delay=\"100\"><strong>Secr\u00e9taire charg\u00e9 du partenariat<\/strong><\/h6><\/div><\/div><\/div>[\/vc_column][vc_column width=\u00a0\u00bb1\/4&Prime; css=\u00a0\u00bb.vc_custom_1577598809438{padding-top: 20px !important;padding-bottom: 20px !important;}\u00a0\u00bb]<div class=\" text-center \" style=\"position:relative\" data-anim-type=\"\" data-anim-delay=\"0\"><div class=\"card-body text-center\"><div class=\"mb-2\" ><div class=\"pix-story d-inline-block \"  ><div class=\"story-img pix-bg-attachment-scroll pix-bg-custom pix-no-bg center d-inline-block\" ><img loading=\"lazy\" decoding=\"async\" width=\"160\" height=\"160\" src=\"https:\/\/asmnt.org\/wp-content\/uploads\/2022\/10\/Magueye-Ndiaye-300x300.jpg\" class=\"rounded-circle bg-white pix-fit-cover img-fluid hover-effect \" alt=\"Magueye Ndiaye\" style=\"width:160px;height:160px;\" srcset=\"https:\/\/asmnt.org\/wp-content\/uploads\/2022\/10\/Magueye-Ndiaye.jpg 300w, https:\/\/asmnt.org\/wp-content\/uploads\/2022\/10\/Magueye-Ndiaye-150x150.jpg 150w, https:\/\/asmnt.org\/wp-content\/uploads\/2022\/10\/Magueye-Ndiaye-75x75.jpg 75w\" sizes=\"(max-width: 160px) 100vw, 160px\" \/><\/div><\/div><\/div><div class=\"text-center\"><h5 class=\"pix-member-name card-title mb-3 font-weight-bold   text-heading-default \" style=\"\" data-anim-type=\"\" data-anim-delay=\"0\">Magueye Ndiaye<\/h5><h6 class=\"pix-member-title mb-3    text-body-default \" style=\"\" data-anim-type=\"\" data-anim-delay=\"100\"><strong>Secr\u00e9taire charg\u00e9 du plaidoyer<\/strong><\/h6><\/div><\/div><\/div>[\/vc_column][\/vc_row][vc_row pix_particles_check=\u00a0\u00bb\u00a0\u00bb][vc_column width=\u00a0\u00bb1\/4&Prime; css=\u00a0\u00bb.vc_custom_1577598824149{padding-top: 20px !important;padding-bottom: 20px !important;}\u00a0\u00bb]<div class=\" text-center \" style=\"position:relative\" data-anim-type=\"\" data-anim-delay=\"0\"><div class=\"card-body text-center\"><div class=\"mb-2\" ><div class=\"pix-story d-inline-block \"  ><div class=\"story-img pix-bg-attachment-scroll pix-bg-custom pix-no-bg center d-inline-block\" ><img loading=\"lazy\" decoding=\"async\" width=\"160\" height=\"160\" src=\"https:\/\/asmnt.org\/wp-content\/uploads\/2022\/05\/img_about000-300x300.jpg\" class=\"rounded-circle bg-white pix-fit-cover img-fluid hover-effect \" alt=\"Dr Mounir Dia\" style=\"width:160px;height:160px;\" srcset=\"https:\/\/asmnt.org\/wp-content\/uploads\/2022\/05\/img_about000.jpg 300w, https:\/\/asmnt.org\/wp-content\/uploads\/2022\/05\/img_about000-150x150.jpg 150w, https:\/\/asmnt.org\/wp-content\/uploads\/2022\/05\/img_about000-75x75.jpg 75w\" sizes=\"(max-width: 160px) 100vw, 160px\" \/><\/div><\/div><\/div><div class=\"text-center\"><h5 class=\"pix-member-name card-title mb-3 font-weight-bold   text-heading-default \" style=\"\" data-anim-type=\"\" data-anim-delay=\"0\">Dr Mounir Dia<\/h5><h6 class=\"pix-member-title mb-3 font-weight-bold   text-body-default \" style=\"\" data-anim-type=\"\" data-anim-delay=\"100\"><strong>Commission scientifique<\/strong><\/h6><\/div><\/div><\/div>[\/vc_column][vc_column width=\u00a0\u00bb1\/4&Prime; css=\u00a0\u00bb.vc_custom_1577599091460{padding-top: 20px !important;padding-bottom: 20px !important;}\u00a0\u00bb]<div class=\" text-center \" style=\"position:relative\" data-anim-type=\"\" data-anim-delay=\"0\"><div class=\"card-body text-center\"><div class=\"mb-2\" ><div class=\"pix-story d-inline-block \"  ><div class=\"story-img pix-bg-attachment-scroll pix-bg-custom pix-no-bg center d-inline-block\" ><img loading=\"lazy\" decoding=\"async\" width=\"160\" height=\"160\" src=\"https:\/\/asmnt.org\/wp-content\/uploads\/2022\/05\/img_about000-300x300.jpg\" class=\"rounded-circle bg-white pix-fit-cover img-fluid hover-effect \" alt=\"Sire Sy\" style=\"width:160px;height:160px;\" srcset=\"https:\/\/asmnt.org\/wp-content\/uploads\/2022\/05\/img_about000.jpg 300w, https:\/\/asmnt.org\/wp-content\/uploads\/2022\/05\/img_about000-150x150.jpg 150w, https:\/\/asmnt.org\/wp-content\/uploads\/2022\/05\/img_about000-75x75.jpg 75w\" sizes=\"(max-width: 160px) 100vw, 160px\" \/><\/div><\/div><\/div><div class=\"text-center\"><h5 class=\"pix-member-name card-title mb-3 font-weight-bold   text-heading-default \" style=\"\" data-anim-type=\"\" data-anim-delay=\"0\">Sire Sy<\/h5><h6 class=\"pix-member-title mb-3 font-weight-bold   text-body-default \" style=\"\" data-anim-type=\"\" data-anim-delay=\"100\"><strong>Commission \u00e0 l\u2019organisation<\/strong><\/h6><\/div><\/div><\/div>[\/vc_column][vc_column width=\u00a0\u00bb1\/4&Prime; css=\u00a0\u00bb.vc_custom_1577598809438{padding-top: 20px !important;padding-bottom: 20px !important;}\u00a0\u00bb]<div class=\" text-center \" style=\"position:relative\" data-anim-type=\"\" data-anim-delay=\"0\"><div class=\"card-body text-center\"><div class=\"mb-2\" ><div class=\"pix-story d-inline-block \"  ><div class=\"story-img pix-bg-attachment-scroll pix-bg-custom pix-no-bg center d-inline-block\" ><img loading=\"lazy\" decoding=\"async\" width=\"160\" height=\"160\" src=\"https:\/\/asmnt.org\/wp-content\/uploads\/2022\/10\/Karim-Seck-300x300.jpg\" class=\"rounded-circle bg-white pix-fit-cover img-fluid hover-effect \" alt=\"Dr Karim Seck\" style=\"width:160px;height:160px;\" srcset=\"https:\/\/asmnt.org\/wp-content\/uploads\/2022\/10\/Karim-Seck.jpg 300w, https:\/\/asmnt.org\/wp-content\/uploads\/2022\/10\/Karim-Seck-150x150.jpg 150w, https:\/\/asmnt.org\/wp-content\/uploads\/2022\/10\/Karim-Seck-75x75.jpg 75w\" sizes=\"(max-width: 160px) 100vw, 160px\" \/><\/div><\/div><\/div><div class=\"text-center\"><h5 class=\"pix-member-name card-title mb-3 font-weight-bold   text-heading-default \" style=\"\" data-anim-type=\"\" data-anim-delay=\"0\">Dr Karim Seck<\/h5><h6 class=\"pix-member-title mb-3    text-body-default \" style=\"\" data-anim-type=\"\" data-anim-delay=\"100\"><strong>Commission consultatif<\/strong><\/h6><\/div><\/div><\/div>[\/vc_column][\/vc_row][\/vc_section]<\/p>\n","protected":false},"excerpt":{"rendered":"[vc_section full_width=\u00a0\u00bbstretch_row\u00a0\u00bb pix_over_visibility=\u00a0\u00bb\u00a0\u00bb bottom_divider_select=\u00a0\u00bb19&Prime; b_has_animation=\u00a0\u00bbtrue\u00a0\u00bb b_2_is_gradient=\u00a0\u00bbtrue\u00a0\u00bb b_2_color=\u00a0\u00bbrgba(255,255,255,0.7)\u00a0\u00bb b_2_color_2=\u00a0\u00bbrgba(255,255,255,0.7)\u00a0\u00bb b_2_animation=\u00a0\u00bbfade-in-up\u00a0\u00bb b_3_is_gradient=\u00a0\u00bbtrue\u00a0\u00bb b_3_color=\u00a0\u00bb#e9ecef\u00a0\u00bb b_3_color_2=\u00a0\u00bb#dee2e6&Prime; b_3_animation=\u00a0\u00bbfade-in-up\u00a0\u00bb css=\u00a0\u00bb.vc_custom_1593125780553{padding-top: 80px !important;padding-bottom: 80px !important;background-color: #f8f9fa !important;}\u00a0\u00bb b_3_delay=\u00a0\u00bb200&Prime;][vc_row pix_particles_check=\u00a0\u00bb\u00a0\u00bb][vc_column content_align=\u00a0\u00bbtext-center\u00a0\u00bb][\/vc_column][\/vc_row][vc_row pix_particles_check=\u00a0\u00bb\u00a0\u00bb css=\u00a0\u00bb.vc_custom_1589160602713{padding-top: 40px !important;}\u00a0\u00bb][vc_column][\/vc_column][\/vc_row][\/vc_section][vc_section full_width=\u00a0\u00bbstretch_row\u00a0\u00bb pix_over_visibility=\u00a0\u00bb\u00a0\u00bb bottom_divider_select=\u00a0\u00bb8&Prime; bottom_layers=\u00a0\u00bb1&Prime; top_divider_select=\u00a0\u00bb8&Prime; top_layers=\u00a0\u00bb1&Prime; responsive_css=\u00a0\u00bb{\u00ab\u00a0pix_res_sm_pb\u00ab\u00a0:\u00ab\u00a020\u00ab\u00a0,\u00ab\u00a0pix_res_md_pb\u00ab\u00a0:\u00ab\u00a020\u00ab\u00a0}\u00a0\u00bb css=\u00a0\u00bb.vc_custom_1617583287402{padding-top: 80px !important;padding-bottom: 80px !important;}\u00a0\u00bb b_custom_height=\u00a0\u00bb300px\u00a0\u00bb&#8230;","protected":false},"author":1,"featured_media":0,"parent":0,"menu_order":0,"comment_status":"closed","ping_status":"closed","template":"","meta":{"footnotes":""},"class_list":["post-13596","page","type-page","status-publish","hentry"],"_links":{"self":[{"href":"https:\/\/asmnt.org\/index.php\/wp-json\/wp\/v2\/pages\/13596","targetHints":{"allow":["GET"]}}],"collection":[{"href":"https:\/\/asmnt.org\/index.php\/wp-json\/wp\/v2\/pages"}],"about":[{"href":"https:\/\/asmnt.org\/index.php\/wp-json\/wp\/v2\/types\/page"}],"author":[{"embeddable":true,"href":"https:\/\/asmnt.org\/index.php\/wp-json\/wp\/v2\/users\/1"}],"replies":[{"embeddable":true,"href":"https:\/\/asmnt.org\/index.php\/wp-json\/wp\/v2\/comments?post=13596"}],"version-history":[{"count":11,"href":"https:\/\/asmnt.org\/index.php\/wp-json\/wp\/v2\/pages\/13596\/revisions"}],"predecessor-version":[{"id":13661,"href":"https:\/\/asmnt.org\/index.php\/wp-json\/wp\/v2\/pages\/13596\/revisions\/13661"}],"wp:attachment":[{"href":"https:\/\/asmnt.org\/index.php\/wp-json\/wp\/v2\/media?parent=13596"}],"curies":[{"name":"wp","href":"https:\/\/api.w.org\/{rel}","templated":true}]}}